{"id":11,"date":"2024-05-21T06:05:30","date_gmt":"2024-05-21T04:05:30","guid":{"rendered":"http:\/\/prepasup-tahiti.com\/?page_id=11"},"modified":"2026-02-15T04:49:26","modified_gmt":"2026-02-15T03:49:26","slug":"accueil","status":"publish","type":"page","link":"https:\/\/prepasup-tahiti.com\/","title":{"rendered":"Accueil"},"content":{"rendered":"\r\n<h3 class=\"wp-block-heading\" data-start=\"88\" data-end=\"177\"><span style=\"color: #ff0000;\">Notre nouvelle offre de rentr\u00e9e 2025 : <strong data-start=\"124\" data-end=\"177\">Classe \u00ab\u00a01\u00e8re Soutien\u00a0\u00bb \u2013 Renforcement scientifique<\/strong><\/span><\/h3>\r\n<p data-start=\"179\" data-end=\"371\"><strong data-start=\"179\" data-end=\"276\">Tu es en classe de 1\u00e8re G\u00e9n\u00e9rale avec les sp\u00e9cialit\u00e9s Math\u00e9matiques, Physique-Chimie ou SVT ?<\/strong><br data-start=\"276\" data-end=\"279\" \/>Notre centre de formation ouvre une <strong data-start=\"315\" data-end=\"349\">nouvelle classe \u00ab\u00a01\u00e8re Soutien\u00a0\u00bb<\/strong> d\u00e8s la rentr\u00e9e 2025 !<\/p>\r\n<p data-start=\"373\" data-end=\"782\"><strong>Notre objectif :<\/strong> Accompagner les \u00e9l\u00e8ves ambitieux dans la consolidation de leurs acquis scientifiques, le d\u00e9veloppement de m\u00e9thodes de travail efficaces et la prise d\u2019avance sur les notions cl\u00e9s de Terminale.<br data-start=\"595\" data-end=\"598\" \/>Cette classe est con\u00e7ue pour <strong data-start=\"627\" data-end=\"647\">\u00e9lever le niveau<\/strong>, <strong data-start=\"649\" data-end=\"673\">renforcer la rigueur<\/strong>, et <strong data-start=\"678\" data-end=\"745\">pr\u00e9parer sereinement l\u2019orientation vers les fili\u00e8res s\u00e9lectives<\/strong> : m\u00e9decine, ing\u00e9nierie, pr\u00e9pas, etc.<\/p>\r\n<h3><strong>Rejoignez TERMINALE SANT\u00c9 : La pr\u00e9paration essentielle pour r\u00e9ussir votre entr\u00e9e en m\u00e9decine !<\/strong><\/h3>\r\n<p><strong>Depuis 2017<\/strong>, nous accompagnons les \u00e9tudiants en 1\u00e8re ann\u00e9e de m\u00e9decine \u00e0 l\u2019UPF vers la r\u00e9ussite, avec un objectif clair : int\u00e9grer la 2\u00e8me ann\u00e9e.<\/p>\r\n<p>\ud83d\udccc <strong>Un d\u00e9fi de taille : 1 \u00e9tudiant sur 5 seulement y parvient chaque ann\u00e9e.<\/strong><\/p>\r\n<p>Le passage en 2\u00e8me ann\u00e9e est extr\u00eamement s\u00e9lectif, et tout se joue d\u00e8s le <strong>1er semestre<\/strong>. Ce semestre, \u00e0 la fois le plus court et le plus exigeant, peut sceller votre avenir :<\/p>\r\n<p>\ud83d\udd0d <strong>Un classement au-del\u00e0 de la 40\u00e8me place \u00e0 la fin du 1er semestre rend presque impossible l\u2019acc\u00e8s \u00e0 la 2\u00e8me ann\u00e9e<\/strong>, m\u00eame avec de bons r\u00e9sultats au second semestre.<\/p>\r\n<p><strong>Pourquoi choisir TERMINALE SANT\u00c9 d\u00e8s la classe de terminale ?<\/strong><\/p>\r\n<p><img data-recalc-dims=\"1\" decoding=\"async\" class=\"wp-image-187 alignleft lazyload\" data-src=\"https:\/\/i0.wp.com\/prepasup-tahiti.com\/wp-content\/uploads\/2024\/12\/DALL%C2%B7E-2024-12-08-21.20.19-A-simple-and-clean-illustration-of-a-stethoscope-placed-on-an-open-medical-book.-The-style-is-minimal-and-focused-with-a-professional-and-academic-fe-300x300.webp?resize=120%2C120\" alt=\"\" width=\"120\" height=\"120\" data-srcset=\"https:\/\/i0.wp.com\/prepasup-tahiti.com\/wp-content\/uploads\/2024\/12\/DALL%C2%B7E-2024-12-08-21.20.19-A-simple-and-clean-illustration-of-a-stethoscope-placed-on-an-open-medical-book.-The-style-is-minimal-and-focused-with-a-professional-and-academic-fe.webp?resize=300%2C300&amp;ssl=1 300w, https:\/\/i0.wp.com\/prepasup-tahiti.com\/wp-content\/uploads\/2024\/12\/DALL%C2%B7E-2024-12-08-21.20.19-A-simple-and-clean-illustration-of-a-stethoscope-placed-on-an-open-medical-book.-The-style-is-minimal-and-focused-with-a-professional-and-academic-fe.webp?resize=150%2C150&amp;ssl=1 150w, https:\/\/i0.wp.com\/prepasup-tahiti.com\/wp-content\/uploads\/2024\/12\/DALL%C2%B7E-2024-12-08-21.20.19-A-simple-and-clean-illustration-of-a-stethoscope-placed-on-an-open-medical-book.-The-style-is-minimal-and-focused-with-a-professional-and-academic-fe.webp?resize=768%2C768&amp;ssl=1 768w, https:\/\/i0.wp.com\/prepasup-tahiti.com\/wp-content\/uploads\/2024\/12\/DALL%C2%B7E-2024-12-08-21.20.19-A-simple-and-clean-illustration-of-a-stethoscope-placed-on-an-open-medical-book.-The-style-is-minimal-and-focused-with-a-professional-and-academic-fe.webp?w=1024&amp;ssl=1 1024w\" data-sizes=\"(max-width: 120px) 100vw, 120px\" src=\"data:image\/svg+xml;base64,PHN2ZyB3aWR0aD0iMSIgaGVpZ2h0PSIxIiB4bWxucz0iaHR0cDovL3d3dy53My5vcmcvMjAwMC9zdmciPjwvc3ZnPg==\" style=\"--smush-placeholder-width: 120px; --smush-placeholder-aspect-ratio: 120\/120;\" \/>Nous avons con\u00e7u TERMINALE SANT\u00c9 pour offrir aux lyc\u00e9ens un tremplin unique, en posant des bases solides <strong>disciplinaires et m\u00e9thodologiques<\/strong> avant m\u00eame leur entr\u00e9e en L.AS1.<\/p>\r\n<p>Depuis <strong>2020<\/strong>, notre programme <strong>s\u2019adresse sp\u00e9cifiquement aux \u00e9l\u00e8ves de terminale scientifique<\/strong> souhaitant maximiser leurs chances de r\u00e9ussite en \u00e9tudes de sant\u00e9.<\/p>\r\n<h3 data-start=\"109\" data-end=\"205\"><strong data-start=\"115\" data-end=\"205\">Pr\u00e9paLAS \u2013 Depuis 2017, l&rsquo;accompagnement de r\u00e9f\u00e9rence pour r\u00e9ussir sa 1\u00e8re ann\u00e9e de LAS<\/strong><\/h3>\r\n<p data-start=\"207\" data-end=\"395\"><img data-recalc-dims=\"1\" decoding=\"async\" class=\"alignleft wp-image-188 lazyload\" data-src=\"https:\/\/i0.wp.com\/prepasup-tahiti.com\/wp-content\/uploads\/2024\/12\/DALL%C2%B7E-2024-12-08-21.22.44-A-clean-and-minimal-illustration-showing-three-students-viewed-from-behind-working-together-on-a-blackboard-filled-with-chemical-equations-and-formul-300x300.webp?resize=120%2C120\" alt=\"\" width=\"120\" height=\"120\" data-srcset=\"https:\/\/i0.wp.com\/prepasup-tahiti.com\/wp-content\/uploads\/2024\/12\/DALL%C2%B7E-2024-12-08-21.22.44-A-clean-and-minimal-illustration-showing-three-students-viewed-from-behind-working-together-on-a-blackboard-filled-with-chemical-equations-and-formul.webp?resize=300%2C300&amp;ssl=1 300w, https:\/\/i0.wp.com\/prepasup-tahiti.com\/wp-content\/uploads\/2024\/12\/DALL%C2%B7E-2024-12-08-21.22.44-A-clean-and-minimal-illustration-showing-three-students-viewed-from-behind-working-together-on-a-blackboard-filled-with-chemical-equations-and-formul.webp?resize=150%2C150&amp;ssl=1 150w, https:\/\/i0.wp.com\/prepasup-tahiti.com\/wp-content\/uploads\/2024\/12\/DALL%C2%B7E-2024-12-08-21.22.44-A-clean-and-minimal-illustration-showing-three-students-viewed-from-behind-working-together-on-a-blackboard-filled-with-chemical-equations-and-formul.webp?resize=768%2C768&amp;ssl=1 768w, https:\/\/i0.wp.com\/prepasup-tahiti.com\/wp-content\/uploads\/2024\/12\/DALL%C2%B7E-2024-12-08-21.22.44-A-clean-and-minimal-illustration-showing-three-students-viewed-from-behind-working-together-on-a-blackboard-filled-with-chemical-equations-and-formul.webp?w=1024&amp;ssl=1 1024w\" data-sizes=\"(max-width: 120px) 100vw, 120px\" src=\"data:image\/svg+xml;base64,PHN2ZyB3aWR0aD0iMSIgaGVpZ2h0PSIxIiB4bWxucz0iaHR0cDovL3d3dy53My5vcmcvMjAwMC9zdmciPjwvc3ZnPg==\" style=\"--smush-placeholder-width: 120px; --smush-placeholder-aspect-ratio: 120\/120;\" \/>Tu entres en <strong data-start=\"220\" data-end=\"251\">LAS 1 (Licence Acc\u00e8s Sant\u00e9)<\/strong> \u00e0 l\u2019Universit\u00e9 de la Polyn\u00e9sie Fran\u00e7aise ?<br data-start=\"294\" data-end=\"297\" \/>Depuis 2017, notre <strong data-start=\"316\" data-end=\"328\">Pr\u00e9paLAS<\/strong> est LA classe de r\u00e9f\u00e9rence pour maximiser tes chances de r\u00e9ussite.<\/p>\r\n<p data-start=\"397\" data-end=\"592\">\ud83d\udca1 <strong data-start=\"400\" data-end=\"463\">Un accompagnement cibl\u00e9, une m\u00e9thode qui fait ses preuves :<\/strong><br data-start=\"463\" data-end=\"466\" \/>Nos \u00e9l\u00e8ves ont un <strong data-start=\"505\" data-end=\"538\">taux moyen de r\u00e9ussite de 60%<\/strong>, soit <strong data-start=\"545\" data-end=\"591\">3 fois plus que la moyenne nationale (20%) !\u00a0<\/strong><\/p>\r\n<p><strong data-start=\"1171\" data-end=\"1183\">Pr\u00e9paLAS<\/strong>, c\u2019est bien plus qu\u2019un soutien : \u27a1\ufe0f C\u2019est un <strong data-start=\"1231\" data-end=\"1259\">acc\u00e9l\u00e9rateur de r\u00e9ussite<\/strong> dans une fili\u00e8re exigeante et s\u00e9lective.<\/p>\r\n<p><span style=\"text-decoration: underline;\">A noter<\/span> : Les \u00e9l\u00e8ves qui suivent la Terminale Sant\u00e9 <strong>sont prioritaires<\/strong> pour int\u00e9grer ensuite la pr\u00e9pa priv\u00e9e du GREPFOC s&rsquo;ils le souhaitent.\u00a0<\/p>\r\n\r\n\r\n\r\n\r\n\r\n\r\n\r\n\r\n\r\n\r\n\r\n<h3 class=\"wp-block-heading\"><strong>Notre \u00e9quipe d\u2019experts : \u00e0 vos c\u00f4t\u00e9s pour r\u00e9ussir<\/strong><\/h3>\r\n<p>\ud83c\udf93 <strong>3 enseignants exp\u00e9riment\u00e9s<\/strong>, sp\u00e9cialistes de leur discipline Maths, Physique et Biochimie\u00a0<\/p>\r\n<ul>\r\n<li>professeurs certifi\u00e9s en activit\u00e9s\u00a0<\/li>\r\n<li>titulaires d\u2019un doctorat pour 2 d&rsquo;entre eux<\/li>\r\n<li>proposant une expertise p\u00e9dagogique reconnue pour guider les \u00e9l\u00e8ves avec efficacit\u00e9 et bienveillance<\/li>\r\n<\/ul>\r\n<p><img data-recalc-dims=\"1\" decoding=\"async\" class=\"alignleft wp-image-303 size-full lazyload\" data-src=\"https:\/\/i0.wp.com\/prepasup-tahiti.com\/wp-content\/uploads\/2026\/02\/Photos-enseignants.jpg?resize=525%2C213&#038;ssl=1\" alt=\"\" width=\"525\" height=\"213\" data-srcset=\"https:\/\/i0.wp.com\/prepasup-tahiti.com\/wp-content\/uploads\/2026\/02\/Photos-enseignants.jpg?w=800&amp;ssl=1 800w, https:\/\/i0.wp.com\/prepasup-tahiti.com\/wp-content\/uploads\/2026\/02\/Photos-enseignants.jpg?resize=300%2C122&amp;ssl=1 300w, https:\/\/i0.wp.com\/prepasup-tahiti.com\/wp-content\/uploads\/2026\/02\/Photos-enseignants.jpg?resize=768%2C312&amp;ssl=1 768w\" data-sizes=\"(max-width: 525px) 100vw, 525px\" src=\"data:image\/svg+xml;base64,PHN2ZyB3aWR0aD0iMSIgaGVpZ2h0PSIxIiB4bWxucz0iaHR0cDovL3d3dy53My5vcmcvMjAwMC9zdmciPjwvc3ZnPg==\" style=\"--smush-placeholder-width: 525px; --smush-placeholder-aspect-ratio: 525\/213;\" \/><\/p>\r\n<ul>\r\n<li>\u00a0<\/li>\r\n<\/ul>\r\n\r\n\r\n","protected":false},"excerpt":{"rendered":"<p>Notre nouvelle offre de rentr\u00e9e 2025 : Classe \u00ab\u00a01\u00e8re Soutien\u00a0\u00bb \u2013 Renforcement scientifique Tu es en classe de 1\u00e8re G\u00e9n\u00e9rale avec les sp\u00e9cialit\u00e9s Math\u00e9matiques, Physique-Chimie ou SVT ?Notre centre de formation ouvre une nouvelle classe \u00ab\u00a01\u00e8re Soutien\u00a0\u00bb d\u00e8s la rentr\u00e9e 2025 ! Notre objectif : Accompagner les \u00e9l\u00e8ves ambitieux dans la consolidation de leurs acquis [&hellip;]<\/p>\n","protected":false},"author":1,"featured_media":98,"parent":0,"menu_order":0,"comment_status":"closed","ping_status":"closed","template":"","meta":{"_exactmetrics_skip_tracking":false,"_exactmetrics_sitenote_active":false,"_exactmetrics_sitenote_note":"","_exactmetrics_sitenote_category":0,"footnotes":""},"class_list":["post-11","page","type-page","status-publish","has-post-thumbnail","hentry"],"aioseo_notices":[],"yoast_head":"<!-- This site is optimized with the Yoast SEO plugin v27.4 - https:\/\/yoast.com\/product\/yoast-seo-wordpress\/ -->\n<title>Accueil - PrepaSup Tahiti<\/title>\n<meta name=\"description\" content=\"D\u00e9couvrez notre offre TERMINALE SANTE pour se pr\u00e9parer aux \u00e9tudes de sant\u00e9 d\u00e9s la Terminale avec une \u00e9quipe d&#039;enseignants exp\u00e9riment\u00e9s !\" \/>\n<meta name=\"robots\" content=\"index, follow, max-snippet:-1, max-image-preview:large, max-video-preview:-1\" \/>\n<link rel=\"canonical\" href=\"https:\/\/prepasup-tahiti.com\/\" \/>\n<meta property=\"og:locale\" content=\"fr_FR\" \/>\n<meta property=\"og:type\" content=\"article\" \/>\n<meta property=\"og:title\" content=\"Accueil - PrepaSup Tahiti\" \/>\n<meta property=\"og:description\" content=\"D\u00e9couvrez notre offre TERMINALE SANTE pour se pr\u00e9parer aux \u00e9tudes de sant\u00e9 d\u00e9s la Terminale avec une \u00e9quipe d&#039;enseignants exp\u00e9riment\u00e9s !\" \/>\n<meta property=\"og:url\" content=\"https:\/\/prepasup-tahiti.com\/\" \/>\n<meta property=\"og:site_name\" content=\"PrepaSup Tahiti\" \/>\n<meta property=\"article:publisher\" content=\"https:\/\/www.facebook.com\/PrepaSupTahiti\" \/>\n<meta property=\"article:modified_time\" content=\"2026-02-15T03:49:26+00:00\" \/>\n<meta property=\"og:image\" content=\"https:\/\/prepasup-tahiti.com\/wp-content\/uploads\/2024\/05\/national-cancer-institute-NFvdKIhxYlU-unsplash.jpg\" \/>\n\t<meta property=\"og:image:width\" content=\"2400\" \/>\n\t<meta property=\"og:image:height\" content=\"1600\" \/>\n\t<meta property=\"og:image:type\" content=\"image\/jpeg\" \/>\n<meta name=\"twitter:card\" content=\"summary_large_image\" \/>\n<meta name=\"twitter:label1\" content=\"Dur\u00e9e de lecture estim\u00e9e\" \/>\n\t<meta name=\"twitter:data1\" content=\"3 minutes\" \/>\n<script type=\"application\/ld+json\" class=\"yoast-schema-graph\">{\"@context\":\"https:\\\/\\\/schema.org\",\"@graph\":[{\"@type\":\"WebPage\",\"@id\":\"https:\\\/\\\/prepasup-tahiti.com\\\/\",\"url\":\"https:\\\/\\\/prepasup-tahiti.com\\\/\",\"name\":\"Accueil - PrepaSup Tahiti\",\"isPartOf\":{\"@id\":\"https:\\\/\\\/prepasup-tahiti.com\\\/#website\"},\"primaryImageOfPage\":{\"@id\":\"https:\\\/\\\/prepasup-tahiti.com\\\/#primaryimage\"},\"image\":{\"@id\":\"https:\\\/\\\/prepasup-tahiti.com\\\/#primaryimage\"},\"thumbnailUrl\":\"https:\\\/\\\/i0.wp.com\\\/prepasup-tahiti.com\\\/wp-content\\\/uploads\\\/2024\\\/05\\\/national-cancer-institute-NFvdKIhxYlU-unsplash.jpg?fit=2400%2C1600&ssl=1\",\"datePublished\":\"2024-05-21T04:05:30+00:00\",\"dateModified\":\"2026-02-15T03:49:26+00:00\",\"description\":\"D\u00e9couvrez notre offre TERMINALE SANTE pour se pr\u00e9parer aux \u00e9tudes de sant\u00e9 d\u00e9s la Terminale avec une \u00e9quipe d'enseignants exp\u00e9riment\u00e9s !\",\"breadcrumb\":{\"@id\":\"https:\\\/\\\/prepasup-tahiti.com\\\/#breadcrumb\"},\"inLanguage\":\"fr-FR\",\"potentialAction\":[{\"@type\":\"ReadAction\",\"target\":[\"https:\\\/\\\/prepasup-tahiti.com\\\/\"]}]},{\"@type\":\"ImageObject\",\"inLanguage\":\"fr-FR\",\"@id\":\"https:\\\/\\\/prepasup-tahiti.com\\\/#primaryimage\",\"url\":\"https:\\\/\\\/i0.wp.com\\\/prepasup-tahiti.com\\\/wp-content\\\/uploads\\\/2024\\\/05\\\/national-cancer-institute-NFvdKIhxYlU-unsplash.jpg?fit=2400%2C1600&ssl=1\",\"contentUrl\":\"https:\\\/\\\/i0.wp.com\\\/prepasup-tahiti.com\\\/wp-content\\\/uploads\\\/2024\\\/05\\\/national-cancer-institute-NFvdKIhxYlU-unsplash.jpg?fit=2400%2C1600&ssl=1\",\"width\":2400,\"height\":1600},{\"@type\":\"BreadcrumbList\",\"@id\":\"https:\\\/\\\/prepasup-tahiti.com\\\/#breadcrumb\",\"itemListElement\":[{\"@type\":\"ListItem\",\"position\":1,\"name\":\"Accueil\",\"item\":\"https:\\\/\\\/prepasup-tahiti.com\\\/\"},{\"@type\":\"ListItem\",\"position\":2,\"name\":\"Accueil\"}]},{\"@type\":\"WebSite\",\"@id\":\"https:\\\/\\\/prepasup-tahiti.com\\\/#website\",\"url\":\"https:\\\/\\\/prepasup-tahiti.com\\\/\",\"name\":\"PrepaSup Tahiti\",\"description\":\"Pr\u00e9parez vos \u00e9tudes de m\u00e9decine d\u00e9s la terminale!\",\"publisher\":{\"@id\":\"https:\\\/\\\/prepasup-tahiti.com\\\/#organization\"},\"potentialAction\":[{\"@type\":\"SearchAction\",\"target\":{\"@type\":\"EntryPoint\",\"urlTemplate\":\"https:\\\/\\\/prepasup-tahiti.com\\\/?s={search_term_string}\"},\"query-input\":{\"@type\":\"PropertyValueSpecification\",\"valueRequired\":true,\"valueName\":\"search_term_string\"}}],\"inLanguage\":\"fr-FR\"},{\"@type\":\"Organization\",\"@id\":\"https:\\\/\\\/prepasup-tahiti.com\\\/#organization\",\"name\":\"PREPASUP TAHITI\",\"url\":\"https:\\\/\\\/prepasup-tahiti.com\\\/\",\"logo\":{\"@type\":\"ImageObject\",\"inLanguage\":\"fr-FR\",\"@id\":\"https:\\\/\\\/prepasup-tahiti.com\\\/#\\\/schema\\\/logo\\\/image\\\/\",\"url\":\"https:\\\/\\\/i0.wp.com\\\/prepasup-tahiti.com\\\/wp-content\\\/uploads\\\/2024\\\/05\\\/cropped-cropped-Logo-PREPASUP.png?fit=512%2C487&ssl=1\",\"contentUrl\":\"https:\\\/\\\/i0.wp.com\\\/prepasup-tahiti.com\\\/wp-content\\\/uploads\\\/2024\\\/05\\\/cropped-cropped-Logo-PREPASUP.png?fit=512%2C487&ssl=1\",\"width\":512,\"height\":487,\"caption\":\"PREPASUP TAHITI\"},\"image\":{\"@id\":\"https:\\\/\\\/prepasup-tahiti.com\\\/#\\\/schema\\\/logo\\\/image\\\/\"},\"sameAs\":[\"https:\\\/\\\/www.facebook.com\\\/PrepaSupTahiti\"]}]}<\/script>\n<!-- \/ Yoast SEO plugin. -->","yoast_head_json":{"title":"Accueil - PrepaSup Tahiti","description":"D\u00e9couvrez notre offre TERMINALE SANTE pour se pr\u00e9parer aux \u00e9tudes de sant\u00e9 d\u00e9s la Terminale avec une \u00e9quipe d'enseignants exp\u00e9riment\u00e9s !","robots":{"index":"index","follow":"follow","max-snippet":"max-snippet:-1","max-image-preview":"max-image-preview:large","max-video-preview":"max-video-preview:-1"},"canonical":"https:\/\/prepasup-tahiti.com\/","og_locale":"fr_FR","og_type":"article","og_title":"Accueil - PrepaSup Tahiti","og_description":"D\u00e9couvrez notre offre TERMINALE SANTE pour se pr\u00e9parer aux \u00e9tudes de sant\u00e9 d\u00e9s la Terminale avec une \u00e9quipe d'enseignants exp\u00e9riment\u00e9s !","og_url":"https:\/\/prepasup-tahiti.com\/","og_site_name":"PrepaSup Tahiti","article_publisher":"https:\/\/www.facebook.com\/PrepaSupTahiti","article_modified_time":"2026-02-15T03:49:26+00:00","og_image":[{"width":2400,"height":1600,"url":"https:\/\/prepasup-tahiti.com\/wp-content\/uploads\/2024\/05\/national-cancer-institute-NFvdKIhxYlU-unsplash.jpg","type":"image\/jpeg"}],"twitter_card":"summary_large_image","twitter_misc":{"Dur\u00e9e de lecture estim\u00e9e":"3 minutes"},"schema":{"@context":"https:\/\/schema.org","@graph":[{"@type":"WebPage","@id":"https:\/\/prepasup-tahiti.com\/","url":"https:\/\/prepasup-tahiti.com\/","name":"Accueil - PrepaSup Tahiti","isPartOf":{"@id":"https:\/\/prepasup-tahiti.com\/#website"},"primaryImageOfPage":{"@id":"https:\/\/prepasup-tahiti.com\/#primaryimage"},"image":{"@id":"https:\/\/prepasup-tahiti.com\/#primaryimage"},"thumbnailUrl":"https:\/\/i0.wp.com\/prepasup-tahiti.com\/wp-content\/uploads\/2024\/05\/national-cancer-institute-NFvdKIhxYlU-unsplash.jpg?fit=2400%2C1600&ssl=1","datePublished":"2024-05-21T04:05:30+00:00","dateModified":"2026-02-15T03:49:26+00:00","description":"D\u00e9couvrez notre offre TERMINALE SANTE pour se pr\u00e9parer aux \u00e9tudes de sant\u00e9 d\u00e9s la Terminale avec une \u00e9quipe d'enseignants exp\u00e9riment\u00e9s !","breadcrumb":{"@id":"https:\/\/prepasup-tahiti.com\/#breadcrumb"},"inLanguage":"fr-FR","potentialAction":[{"@type":"ReadAction","target":["https:\/\/prepasup-tahiti.com\/"]}]},{"@type":"ImageObject","inLanguage":"fr-FR","@id":"https:\/\/prepasup-tahiti.com\/#primaryimage","url":"https:\/\/i0.wp.com\/prepasup-tahiti.com\/wp-content\/uploads\/2024\/05\/national-cancer-institute-NFvdKIhxYlU-unsplash.jpg?fit=2400%2C1600&ssl=1","contentUrl":"https:\/\/i0.wp.com\/prepasup-tahiti.com\/wp-content\/uploads\/2024\/05\/national-cancer-institute-NFvdKIhxYlU-unsplash.jpg?fit=2400%2C1600&ssl=1","width":2400,"height":1600},{"@type":"BreadcrumbList","@id":"https:\/\/prepasup-tahiti.com\/#breadcrumb","itemListElement":[{"@type":"ListItem","position":1,"name":"Accueil","item":"https:\/\/prepasup-tahiti.com\/"},{"@type":"ListItem","position":2,"name":"Accueil"}]},{"@type":"WebSite","@id":"https:\/\/prepasup-tahiti.com\/#website","url":"https:\/\/prepasup-tahiti.com\/","name":"PrepaSup Tahiti","description":"Pr\u00e9parez vos \u00e9tudes de m\u00e9decine d\u00e9s la terminale!","publisher":{"@id":"https:\/\/prepasup-tahiti.com\/#organization"},"potentialAction":[{"@type":"SearchAction","target":{"@type":"EntryPoint","urlTemplate":"https:\/\/prepasup-tahiti.com\/?s={search_term_string}"},"query-input":{"@type":"PropertyValueSpecification","valueRequired":true,"valueName":"search_term_string"}}],"inLanguage":"fr-FR"},{"@type":"Organization","@id":"https:\/\/prepasup-tahiti.com\/#organization","name":"PREPASUP TAHITI","url":"https:\/\/prepasup-tahiti.com\/","logo":{"@type":"ImageObject","inLanguage":"fr-FR","@id":"https:\/\/prepasup-tahiti.com\/#\/schema\/logo\/image\/","url":"https:\/\/i0.wp.com\/prepasup-tahiti.com\/wp-content\/uploads\/2024\/05\/cropped-cropped-Logo-PREPASUP.png?fit=512%2C487&ssl=1","contentUrl":"https:\/\/i0.wp.com\/prepasup-tahiti.com\/wp-content\/uploads\/2024\/05\/cropped-cropped-Logo-PREPASUP.png?fit=512%2C487&ssl=1","width":512,"height":487,"caption":"PREPASUP TAHITI"},"image":{"@id":"https:\/\/prepasup-tahiti.com\/#\/schema\/logo\/image\/"},"sameAs":["https:\/\/www.facebook.com\/PrepaSupTahiti"]}]}},"jetpack_sharing_enabled":true,"jetpack-related-posts":[],"_links":{"self":[{"href":"https:\/\/prepasup-tahiti.com\/index.php\/wp-json\/wp\/v2\/pages\/11","targetHints":{"allow":["GET"]}}],"collection":[{"href":"https:\/\/prepasup-tahiti.com\/index.php\/wp-json\/wp\/v2\/pages"}],"about":[{"href":"https:\/\/prepasup-tahiti.com\/index.php\/wp-json\/wp\/v2\/types\/page"}],"author":[{"embeddable":true,"href":"https:\/\/prepasup-tahiti.com\/index.php\/wp-json\/wp\/v2\/users\/1"}],"replies":[{"embeddable":true,"href":"https:\/\/prepasup-tahiti.com\/index.php\/wp-json\/wp\/v2\/comments?post=11"}],"version-history":[{"count":96,"href":"https:\/\/prepasup-tahiti.com\/index.php\/wp-json\/wp\/v2\/pages\/11\/revisions"}],"predecessor-version":[{"id":308,"href":"https:\/\/prepasup-tahiti.com\/index.php\/wp-json\/wp\/v2\/pages\/11\/revisions\/308"}],"wp:featuredmedia":[{"embeddable":true,"href":"https:\/\/prepasup-tahiti.com\/index.php\/wp-json\/wp\/v2\/media\/98"}],"wp:attachment":[{"href":"https:\/\/prepasup-tahiti.com\/index.php\/wp-json\/wp\/v2\/media?parent=11"}],"curies":[{"name":"wp","href":"https:\/\/api.w.org\/{rel}","templated":true}]}}