{"id":17,"date":"2024-05-21T06:05:44","date_gmt":"2024-05-21T04:05:44","guid":{"rendered":"http:\/\/prepasup-tahiti.com\/?page_id=17"},"modified":"2025-04-07T09:26:35","modified_gmt":"2025-04-07T07:26:35","slug":"contact","status":"publish","type":"page","link":"https:\/\/prepasup-tahiti.com\/index.php\/contact\/","title":{"rendered":"Contact"},"content":{"rendered":"\n<div class=\"wpcf7 no-js\" id=\"wpcf7-f221-o1\" lang=\"fr-FR\" dir=\"ltr\" data-wpcf7-id=\"221\">\n<div class=\"screen-reader-response\"><p role=\"status\" aria-live=\"polite\" aria-atomic=\"true\"><\/p> <ul><\/ul><\/div>\n<form action=\"\/index.php\/wp-json\/wp\/v2\/pages\/17#wpcf7-f221-o1\" method=\"post\" class=\"wpcf7-form init\" aria-label=\"Formulaire de contact\" novalidate=\"novalidate\" data-status=\"init\">\n<fieldset class=\"hidden-fields-container\"><input type=\"hidden\" name=\"_wpcf7\" value=\"221\" \/><input type=\"hidden\" name=\"_wpcf7_version\" value=\"6.1.5\" \/><input type=\"hidden\" name=\"_wpcf7_locale\" value=\"fr_FR\" \/><input type=\"hidden\" name=\"_wpcf7_unit_tag\" value=\"wpcf7-f221-o1\" \/><input type=\"hidden\" name=\"_wpcf7_container_post\" value=\"0\" \/><input type=\"hidden\" name=\"_wpcf7_posted_data_hash\" value=\"\" \/>\n<\/fieldset>\n<p><label> Votre nom<br \/>\n<span class=\"wpcf7-form-control-wrap\" data-name=\"your-name\"><input size=\"40\" maxlength=\"400\" class=\"wpcf7-form-control wpcf7-text wpcf7-validates-as-required\" autocomplete=\"name\" aria-required=\"true\" aria-invalid=\"false\" value=\"\" type=\"text\" name=\"your-name\" \/><\/span> <\/label>\n<\/p>\n<p><label> Votre e-mail<br \/>\n<span class=\"wpcf7-form-control-wrap\" data-name=\"your-email\"><input size=\"40\" maxlength=\"400\" class=\"wpcf7-form-control wpcf7-email wpcf7-validates-as-required wpcf7-text wpcf7-validates-as-email\" autocomplete=\"email\" aria-required=\"true\" aria-invalid=\"false\" value=\"\" type=\"email\" name=\"your-email\" \/><\/span> <\/label>\n<\/p>\n<p><label> Objet<br \/>\n<span class=\"wpcf7-form-control-wrap\" data-name=\"your-subject\"><input size=\"40\" maxlength=\"400\" class=\"wpcf7-form-control wpcf7-text wpcf7-validates-as-required\" aria-required=\"true\" aria-invalid=\"false\" value=\"\" type=\"text\" name=\"your-subject\" \/><\/span> <\/label>\n<\/p>\n<p><label> Votre message (facultatif)<br \/>\n<span class=\"wpcf7-form-control-wrap\" data-name=\"your-message\"><textarea cols=\"40\" rows=\"10\" maxlength=\"2000\" class=\"wpcf7-form-control wpcf7-textarea\" aria-invalid=\"false\" name=\"your-message\"><\/textarea><\/span> <\/label>\n<\/p>\n<p><input class=\"wpcf7-form-control wpcf7-submit has-spinner\" type=\"submit\" value=\"Envoyer\" \/>\n<\/p><p style=\"display: none !important;\" class=\"akismet-fields-container\" data-prefix=\"_wpcf7_ak_\"><label>&#916;<textarea name=\"_wpcf7_ak_hp_textarea\" cols=\"45\" rows=\"8\" maxlength=\"100\"><\/textarea><\/label><input type=\"hidden\" id=\"ak_js_1\" name=\"_wpcf7_ak_js\" value=\"196\"\/><script>document.getElementById( \"ak_js_1\" ).setAttribute( \"value\", ( new Date() ).getTime() );<\/script><\/p><div class=\"wpcf7-response-output\" aria-hidden=\"true\"><\/div>\n<\/form>\n<\/div>\n\n<p>Vous pouvez aussi nous contacter par mail, par WhatsApp ou via notre page Facebook :<\/p>\n<ul>\n<li>\ud83d\udce7 <strong>Email :<\/strong> <a rel=\"noopener\">prepasuptahiti@gmail.com<\/a> \u2709\ufe0f<\/li>\n<li>\ud83d\udcf1 <strong>WhatsApp :<\/strong> nous contacter sur <strong>+689 87 76 10 22<\/strong> \ud83d\udcac<\/li>\n<li>\ud83c\udf10 <strong>Facebook :<\/strong> <a href=\"https:\/\/www.facebook.com\/PrepaSupTahiti\" target=\"_new\" rel=\"noopener\">Pr\u00e9pa Sup Tahiti<\/a> \ud83c\udf1f<\/li>\n<\/ul>\n<form id=\"form_formulaire-de-contact\" enctype=\"multipart\/form-data\" method=\"post\" data-token=\"cec18a4fa5bdfb48f726a436521193a4\">\n<p style=\"display: none !important;\" data-prefix=\"ak_\"><label>\u0394<textarea cols=\"45\" maxlength=\"100\" name=\"ak_hp_textarea\" rows=\"8\"><\/textarea><\/label><input id=\"ak_js_3\" name=\"ak_js\" type=\"hidden\" value=\"126\" \/><\/p>\n<\/form>\n","protected":false},"excerpt":{"rendered":"<p>Vous pouvez aussi nous contacter par mail, par WhatsApp ou via notre page Facebook : \ud83d\udce7 Email : prepasuptahiti@gmail.com \u2709\ufe0f \ud83d\udcf1 WhatsApp : nous contacter sur +689 87 76 10 22 \ud83d\udcac \ud83c\udf10 Facebook : Pr\u00e9pa Sup Tahiti \ud83c\udf1f \u0394<\/p>\n","protected":false},"author":1,"featured_media":0,"parent":0,"menu_order":0,"comment_status":"closed","ping_status":"closed","template":"","meta":{"_exactmetrics_skip_tracking":false,"_exactmetrics_sitenote_active":false,"_exactmetrics_sitenote_note":"","_exactmetrics_sitenote_category":0,"footnotes":""},"class_list":["post-17","page","type-page","status-publish","hentry"],"aioseo_notices":[],"yoast_head":"<!-- This site is optimized with the Yoast SEO plugin v27.4 - https:\/\/yoast.com\/product\/yoast-seo-wordpress\/ -->\n<title>Contact - PrepaSup Tahiti<\/title>\n<meta name=\"robots\" content=\"index, follow, max-snippet:-1, max-image-preview:large, max-video-preview:-1\" \/>\n<link rel=\"canonical\" href=\"https:\/\/prepasup-tahiti.com\/index.php\/contact\/\" \/>\n<meta property=\"og:locale\" content=\"fr_FR\" \/>\n<meta property=\"og:type\" content=\"article\" \/>\n<meta property=\"og:title\" content=\"Contact - PrepaSup Tahiti\" \/>\n<meta property=\"og:description\" content=\"Vous pouvez aussi nous contacter par mail, par WhatsApp ou via notre page Facebook : \ud83d\udce7 Email : prepasuptahiti@gmail.com \u2709\ufe0f \ud83d\udcf1 WhatsApp : nous contacter sur +689 87 76 10 22 \ud83d\udcac \ud83c\udf10 Facebook : Pr\u00e9pa Sup Tahiti \ud83c\udf1f \u0394\" \/>\n<meta property=\"og:url\" content=\"https:\/\/prepasup-tahiti.com\/index.php\/contact\/\" \/>\n<meta property=\"og:site_name\" content=\"PrepaSup Tahiti\" \/>\n<meta property=\"article:publisher\" content=\"https:\/\/www.facebook.com\/PrepaSupTahiti\" \/>\n<meta property=\"article:modified_time\" content=\"2025-04-07T07:26:35+00:00\" \/>\n<meta name=\"twitter:card\" content=\"summary_large_image\" \/>\n<meta name=\"twitter:label1\" content=\"Dur\u00e9e de lecture estim\u00e9e\" \/>\n\t<meta name=\"twitter:data1\" content=\"1 minute\" \/>\n<script type=\"application\/ld+json\" class=\"yoast-schema-graph\">{\"@context\":\"https:\\\/\\\/schema.org\",\"@graph\":[{\"@type\":\"WebPage\",\"@id\":\"https:\\\/\\\/prepasup-tahiti.com\\\/index.php\\\/contact\\\/\",\"url\":\"https:\\\/\\\/prepasup-tahiti.com\\\/index.php\\\/contact\\\/\",\"name\":\"Contact - PrepaSup Tahiti\",\"isPartOf\":{\"@id\":\"https:\\\/\\\/prepasup-tahiti.com\\\/#website\"},\"datePublished\":\"2024-05-21T04:05:44+00:00\",\"dateModified\":\"2025-04-07T07:26:35+00:00\",\"breadcrumb\":{\"@id\":\"https:\\\/\\\/prepasup-tahiti.com\\\/index.php\\\/contact\\\/#breadcrumb\"},\"inLanguage\":\"fr-FR\",\"potentialAction\":[{\"@type\":\"ReadAction\",\"target\":[\"https:\\\/\\\/prepasup-tahiti.com\\\/index.php\\\/contact\\\/\"]}]},{\"@type\":\"BreadcrumbList\",\"@id\":\"https:\\\/\\\/prepasup-tahiti.com\\\/index.php\\\/contact\\\/#breadcrumb\",\"itemListElement\":[{\"@type\":\"ListItem\",\"position\":1,\"name\":\"Accueil\",\"item\":\"https:\\\/\\\/prepasup-tahiti.com\\\/\"},{\"@type\":\"ListItem\",\"position\":2,\"name\":\"Contact\"}]},{\"@type\":\"WebSite\",\"@id\":\"https:\\\/\\\/prepasup-tahiti.com\\\/#website\",\"url\":\"https:\\\/\\\/prepasup-tahiti.com\\\/\",\"name\":\"PrepaSup Tahiti\",\"description\":\"Pr\u00e9parez vos \u00e9tudes de m\u00e9decine d\u00e9s la terminale!\",\"publisher\":{\"@id\":\"https:\\\/\\\/prepasup-tahiti.com\\\/#organization\"},\"potentialAction\":[{\"@type\":\"SearchAction\",\"target\":{\"@type\":\"EntryPoint\",\"urlTemplate\":\"https:\\\/\\\/prepasup-tahiti.com\\\/?s={search_term_string}\"},\"query-input\":{\"@type\":\"PropertyValueSpecification\",\"valueRequired\":true,\"valueName\":\"search_term_string\"}}],\"inLanguage\":\"fr-FR\"},{\"@type\":\"Organization\",\"@id\":\"https:\\\/\\\/prepasup-tahiti.com\\\/#organization\",\"name\":\"PREPASUP TAHITI\",\"url\":\"https:\\\/\\\/prepasup-tahiti.com\\\/\",\"logo\":{\"@type\":\"ImageObject\",\"inLanguage\":\"fr-FR\",\"@id\":\"https:\\\/\\\/prepasup-tahiti.com\\\/#\\\/schema\\\/logo\\\/image\\\/\",\"url\":\"https:\\\/\\\/i0.wp.com\\\/prepasup-tahiti.com\\\/wp-content\\\/uploads\\\/2024\\\/05\\\/cropped-cropped-Logo-PREPASUP.png?fit=512%2C487&ssl=1\",\"contentUrl\":\"https:\\\/\\\/i0.wp.com\\\/prepasup-tahiti.com\\\/wp-content\\\/uploads\\\/2024\\\/05\\\/cropped-cropped-Logo-PREPASUP.png?fit=512%2C487&ssl=1\",\"width\":512,\"height\":487,\"caption\":\"PREPASUP TAHITI\"},\"image\":{\"@id\":\"https:\\\/\\\/prepasup-tahiti.com\\\/#\\\/schema\\\/logo\\\/image\\\/\"},\"sameAs\":[\"https:\\\/\\\/www.facebook.com\\\/PrepaSupTahiti\"]}]}<\/script>\n<!-- \/ Yoast SEO plugin. -->","yoast_head_json":{"title":"Contact - PrepaSup Tahiti","robots":{"index":"index","follow":"follow","max-snippet":"max-snippet:-1","max-image-preview":"max-image-preview:large","max-video-preview":"max-video-preview:-1"},"canonical":"https:\/\/prepasup-tahiti.com\/index.php\/contact\/","og_locale":"fr_FR","og_type":"article","og_title":"Contact - PrepaSup Tahiti","og_description":"Vous pouvez aussi nous contacter par mail, par WhatsApp ou via notre page Facebook : \ud83d\udce7 Email : prepasuptahiti@gmail.com \u2709\ufe0f \ud83d\udcf1 WhatsApp : nous contacter sur +689 87 76 10 22 \ud83d\udcac \ud83c\udf10 Facebook : Pr\u00e9pa Sup Tahiti \ud83c\udf1f \u0394","og_url":"https:\/\/prepasup-tahiti.com\/index.php\/contact\/","og_site_name":"PrepaSup Tahiti","article_publisher":"https:\/\/www.facebook.com\/PrepaSupTahiti","article_modified_time":"2025-04-07T07:26:35+00:00","twitter_card":"summary_large_image","twitter_misc":{"Dur\u00e9e de lecture estim\u00e9e":"1 minute"},"schema":{"@context":"https:\/\/schema.org","@graph":[{"@type":"WebPage","@id":"https:\/\/prepasup-tahiti.com\/index.php\/contact\/","url":"https:\/\/prepasup-tahiti.com\/index.php\/contact\/","name":"Contact - PrepaSup Tahiti","isPartOf":{"@id":"https:\/\/prepasup-tahiti.com\/#website"},"datePublished":"2024-05-21T04:05:44+00:00","dateModified":"2025-04-07T07:26:35+00:00","breadcrumb":{"@id":"https:\/\/prepasup-tahiti.com\/index.php\/contact\/#breadcrumb"},"inLanguage":"fr-FR","potentialAction":[{"@type":"ReadAction","target":["https:\/\/prepasup-tahiti.com\/index.php\/contact\/"]}]},{"@type":"BreadcrumbList","@id":"https:\/\/prepasup-tahiti.com\/index.php\/contact\/#breadcrumb","itemListElement":[{"@type":"ListItem","position":1,"name":"Accueil","item":"https:\/\/prepasup-tahiti.com\/"},{"@type":"ListItem","position":2,"name":"Contact"}]},{"@type":"WebSite","@id":"https:\/\/prepasup-tahiti.com\/#website","url":"https:\/\/prepasup-tahiti.com\/","name":"PrepaSup Tahiti","description":"Pr\u00e9parez vos \u00e9tudes de m\u00e9decine d\u00e9s la terminale!","publisher":{"@id":"https:\/\/prepasup-tahiti.com\/#organization"},"potentialAction":[{"@type":"SearchAction","target":{"@type":"EntryPoint","urlTemplate":"https:\/\/prepasup-tahiti.com\/?s={search_term_string}"},"query-input":{"@type":"PropertyValueSpecification","valueRequired":true,"valueName":"search_term_string"}}],"inLanguage":"fr-FR"},{"@type":"Organization","@id":"https:\/\/prepasup-tahiti.com\/#organization","name":"PREPASUP TAHITI","url":"https:\/\/prepasup-tahiti.com\/","logo":{"@type":"ImageObject","inLanguage":"fr-FR","@id":"https:\/\/prepasup-tahiti.com\/#\/schema\/logo\/image\/","url":"https:\/\/i0.wp.com\/prepasup-tahiti.com\/wp-content\/uploads\/2024\/05\/cropped-cropped-Logo-PREPASUP.png?fit=512%2C487&ssl=1","contentUrl":"https:\/\/i0.wp.com\/prepasup-tahiti.com\/wp-content\/uploads\/2024\/05\/cropped-cropped-Logo-PREPASUP.png?fit=512%2C487&ssl=1","width":512,"height":487,"caption":"PREPASUP TAHITI"},"image":{"@id":"https:\/\/prepasup-tahiti.com\/#\/schema\/logo\/image\/"},"sameAs":["https:\/\/www.facebook.com\/PrepaSupTahiti"]}]}},"jetpack_sharing_enabled":true,"jetpack-related-posts":[],"_links":{"self":[{"href":"https:\/\/prepasup-tahiti.com\/index.php\/wp-json\/wp\/v2\/pages\/17","targetHints":{"allow":["GET"]}}],"collection":[{"href":"https:\/\/prepasup-tahiti.com\/index.php\/wp-json\/wp\/v2\/pages"}],"about":[{"href":"https:\/\/prepasup-tahiti.com\/index.php\/wp-json\/wp\/v2\/types\/page"}],"author":[{"embeddable":true,"href":"https:\/\/prepasup-tahiti.com\/index.php\/wp-json\/wp\/v2\/users\/1"}],"replies":[{"embeddable":true,"href":"https:\/\/prepasup-tahiti.com\/index.php\/wp-json\/wp\/v2\/comments?post=17"}],"version-history":[{"count":13,"href":"https:\/\/prepasup-tahiti.com\/index.php\/wp-json\/wp\/v2\/pages\/17\/revisions"}],"predecessor-version":[{"id":232,"href":"https:\/\/prepasup-tahiti.com\/index.php\/wp-json\/wp\/v2\/pages\/17\/revisions\/232"}],"wp:attachment":[{"href":"https:\/\/prepasup-tahiti.com\/index.php\/wp-json\/wp\/v2\/media?parent=17"}],"curies":[{"name":"wp","href":"https:\/\/api.w.org\/{rel}","templated":true}]}}