{"id":254,"date":"2025-05-05T10:07:37","date_gmt":"2025-05-05T08:07:37","guid":{"rendered":"https:\/\/prepasup-tahiti.com\/?page_id=254"},"modified":"2025-05-16T04:13:33","modified_gmt":"2025-05-16T02:13:33","slug":"preinscription-a-la-prepalas-du-grepfoc","status":"publish","type":"page","link":"https:\/\/prepasup-tahiti.com\/index.php\/nos-services\/preinscription-a-la-prepalas-du-grepfoc\/","title":{"rendered":"Pr\u00e9inscription \u00e0 la Pr\u00e9paLAS du Grepfoc"},"content":{"rendered":"<p>Utilisez ce formulaire pour r\u00e9server votre place \u00e0 la classe de soutien LAS1 du Grepfoc.\u00a0<strong>Cette classe est limit\u00e9e \u00e0 12 \u00e9l\u00e8ves.<\/strong><\/p>\n<p>Votre pr\u00e9-inscription est <strong>gratuite<\/strong> et <strong>sans engagement<\/strong> et nous permet de r\u00e9server des places aupr\u00e8s du Grepfoc pour nos \u00e9l\u00e8ves de Terminale Sant\u00e9.<\/p>\n\n<div class=\"wpcf7 no-js\" id=\"wpcf7-f253-o1\" lang=\"fr-FR\" dir=\"ltr\" data-wpcf7-id=\"253\">\n<div class=\"screen-reader-response\"><p role=\"status\" aria-live=\"polite\" aria-atomic=\"true\"><\/p> <ul><\/ul><\/div>\n<form action=\"\/index.php\/wp-json\/wp\/v2\/pages\/254#wpcf7-f253-o1\" method=\"post\" class=\"wpcf7-form init\" aria-label=\"Formulaire de contact\" novalidate=\"novalidate\" data-status=\"init\">\n<fieldset class=\"hidden-fields-container\"><input type=\"hidden\" name=\"_wpcf7\" value=\"253\" \/><input type=\"hidden\" name=\"_wpcf7_version\" value=\"6.1.5\" \/><input type=\"hidden\" name=\"_wpcf7_locale\" value=\"fr_FR\" \/><input type=\"hidden\" name=\"_wpcf7_unit_tag\" value=\"wpcf7-f253-o1\" \/><input type=\"hidden\" name=\"_wpcf7_container_post\" value=\"0\" \/><input type=\"hidden\" name=\"_wpcf7_posted_data_hash\" value=\"\" \/>\n<\/fieldset>\n<p><label> Votre NOM et Pr\u00e9nom<br \/>\n<span class=\"wpcf7-form-control-wrap\" data-name=\"text-422\"><input size=\"40\" maxlength=\"400\" class=\"wpcf7-form-control wpcf7-text wpcf7-validates-as-required\" autocomplete=\"name\" aria-required=\"true\" aria-invalid=\"false\" value=\"\" type=\"text\" name=\"text-422\" \/><\/span><\/label>\n<\/p>\n<p><label> Votre e-mail<br \/>\n<span class=\"wpcf7-form-control-wrap\" data-name=\"email-919\"><input size=\"40\" maxlength=\"400\" class=\"wpcf7-form-control wpcf7-email wpcf7-validates-as-required wpcf7-text wpcf7-validates-as-email\" autocomplete=\"email\" aria-required=\"true\" aria-invalid=\"false\" value=\"\" type=\"email\" name=\"email-919\" \/><\/span><\/label>\n<\/p>\n<p><label> Votre num\u00e9ro de t\u00e9l\u00e9phone<br \/>\n<span class=\"wpcf7-form-control-wrap\" data-name=\"tel-756\"><input size=\"40\" maxlength=\"400\" class=\"wpcf7-form-control wpcf7-tel wpcf7-validates-as-required wpcf7-text wpcf7-validates-as-tel\" aria-required=\"true\" aria-invalid=\"false\" value=\"\" type=\"tel\" name=\"tel-756\" \/><\/span><\/label>\n<\/p>\n<p><label> Votre lieu de r\u00e9sidence<br \/>\n<span class=\"wpcf7-form-control-wrap\" data-name=\"text-661\"><input size=\"40\" maxlength=\"400\" class=\"wpcf7-form-control wpcf7-text\" aria-invalid=\"false\" value=\"\" type=\"text\" name=\"text-661\" \/><\/span><\/label>\n<\/p>\n<p>Je souhaite int\u00e9grer la PrepaLAS du Grepfoc et ....<br \/>\n<span class=\"wpcf7-form-control-wrap\" data-name=\"radio-250\"><span class=\"wpcf7-form-control wpcf7-radio\"><span class=\"wpcf7-list-item first\"><label><input type=\"radio\" name=\"radio-250\" value=\"Je suis s\u00fbr de mon choix\" \/><span class=\"wpcf7-list-item-label\">Je suis s\u00fbr de mon choix<\/span><\/label><\/span><span class=\"wpcf7-list-item\"><label><input type=\"radio\" name=\"radio-250\" value=\"Je r\u00e9fl\u00e9chis encore mais je suis int\u00e9ress\u00e9\" \/><span class=\"wpcf7-list-item-label\">Je r\u00e9fl\u00e9chis encore mais je suis int\u00e9ress\u00e9<\/span><\/label><\/span><span class=\"wpcf7-list-item last\"><label><input type=\"radio\" name=\"radio-250\" value=\"Je r\u00e9fl\u00e9chis \u00e0 d&#039;autres options\" \/><span class=\"wpcf7-list-item-label\">Je r\u00e9fl\u00e9chis \u00e0 d&#039;autres options<\/span><\/label><\/span><\/span><\/span>\n<\/p>\n<p><label> Commentaire (optionnel)<br \/>\n<span class=\"wpcf7-form-control-wrap\" data-name=\"textarea-242\"><textarea cols=\"40\" rows=\"10\" maxlength=\"2000\" class=\"wpcf7-form-control wpcf7-textarea\" aria-invalid=\"false\" name=\"textarea-242\"><\/textarea><\/span><\/label><label><br \/>\n<input class=\"wpcf7-form-control wpcf7-submit has-spinner\" type=\"submit\" value=\"Envoyer\" \/><br \/>\nCe formulaire utilise Akismet pour r\u00e9duire le courrier ind\u00e9sirable. <a target=\"_blank\" rel=\"nofollow noopener\" href=\"https:\/\/akismet.com\/privacy\/\">D\u00e9couvrez comment vos donn\u00e9es sont trait\u00e9es.<\/a><\/label>\n<\/p><p style=\"display: none !important;\" class=\"akismet-fields-container\" data-prefix=\"_wpcf7_ak_\"><label>&#916;<textarea name=\"_wpcf7_ak_hp_textarea\" cols=\"45\" rows=\"8\" maxlength=\"100\"><\/textarea><\/label><input type=\"hidden\" id=\"ak_js_1\" name=\"_wpcf7_ak_js\" value=\"72\"\/><script>document.getElementById( \"ak_js_1\" ).setAttribute( \"value\", ( new Date() ).getTime() );<\/script><\/p><div class=\"wpcf7-response-output\" aria-hidden=\"true\"><\/div>\n<\/form>\n<\/div>\n\n","protected":false},"excerpt":{"rendered":"<p>Utilisez ce formulaire pour r\u00e9server votre place \u00e0 la classe de soutien LAS1 du Grepfoc.\u00a0Cette classe est limit\u00e9e \u00e0 12 \u00e9l\u00e8ves. Votre pr\u00e9-inscription est gratuite et sans engagement et nous permet de r\u00e9server des places aupr\u00e8s du Grepfoc pour nos \u00e9l\u00e8ves de Terminale Sant\u00e9.<\/p>\n","protected":false},"author":1,"featured_media":0,"parent":13,"menu_order":0,"comment_status":"closed","ping_status":"closed","template":"","meta":{"_exactmetrics_skip_tracking":false,"_exactmetrics_sitenote_active":false,"_exactmetrics_sitenote_note":"","_exactmetrics_sitenote_category":0,"footnotes":""},"class_list":["post-254","page","type-page","status-publish","hentry"],"aioseo_notices":[],"yoast_head":"<!-- This site is optimized with the Yoast SEO plugin v27.4 - https:\/\/yoast.com\/product\/yoast-seo-wordpress\/ -->\n<title>Pr\u00e9inscription \u00e0 la Pr\u00e9paLAS du Grepfoc - PrepaSup Tahiti<\/title>\n<meta name=\"description\" content=\"Utilisez ce formulaire pour r\u00e9server votre place \u00e0 la classe de soutien LAS1 du Grepfoc.\u00a0Cette classe est limit\u00e9e \u00e0 12 \u00e9l\u00e8ves.\" \/>\n<meta name=\"robots\" content=\"index, follow, max-snippet:-1, max-image-preview:large, max-video-preview:-1\" \/>\n<link rel=\"canonical\" href=\"https:\/\/prepasup-tahiti.com\/index.php\/nos-services\/preinscription-a-la-prepalas-du-grepfoc\/\" \/>\n<meta property=\"og:locale\" content=\"fr_FR\" \/>\n<meta property=\"og:type\" content=\"article\" \/>\n<meta property=\"og:title\" content=\"Pr\u00e9inscription \u00e0 la Pr\u00e9paLAS du Grepfoc - PrepaSup Tahiti\" \/>\n<meta property=\"og:description\" content=\"Utilisez ce formulaire pour r\u00e9server votre place \u00e0 la classe de soutien LAS1 du Grepfoc.\u00a0Cette classe est limit\u00e9e \u00e0 12 \u00e9l\u00e8ves.\" \/>\n<meta property=\"og:url\" content=\"https:\/\/prepasup-tahiti.com\/index.php\/nos-services\/preinscription-a-la-prepalas-du-grepfoc\/\" \/>\n<meta property=\"og:site_name\" content=\"PrepaSup Tahiti\" \/>\n<meta property=\"article:publisher\" content=\"https:\/\/www.facebook.com\/PrepaSupTahiti\" \/>\n<meta property=\"article:modified_time\" content=\"2025-05-16T02:13:33+00:00\" \/>\n<meta name=\"twitter:card\" content=\"summary_large_image\" \/>\n<meta name=\"twitter:label1\" content=\"Dur\u00e9e de lecture estim\u00e9e\" \/>\n\t<meta name=\"twitter:data1\" content=\"1 minute\" \/>\n<script type=\"application\/ld+json\" class=\"yoast-schema-graph\">{\"@context\":\"https:\\\/\\\/schema.org\",\"@graph\":[{\"@type\":\"WebPage\",\"@id\":\"https:\\\/\\\/prepasup-tahiti.com\\\/index.php\\\/nos-services\\\/preinscription-a-la-prepalas-du-grepfoc\\\/\",\"url\":\"https:\\\/\\\/prepasup-tahiti.com\\\/index.php\\\/nos-services\\\/preinscription-a-la-prepalas-du-grepfoc\\\/\",\"name\":\"Pr\u00e9inscription \u00e0 la Pr\u00e9paLAS du Grepfoc - PrepaSup Tahiti\",\"isPartOf\":{\"@id\":\"https:\\\/\\\/prepasup-tahiti.com\\\/#website\"},\"datePublished\":\"2025-05-05T08:07:37+00:00\",\"dateModified\":\"2025-05-16T02:13:33+00:00\",\"description\":\"Utilisez ce formulaire pour r\u00e9server votre place \u00e0 la classe de soutien LAS1 du Grepfoc.\u00a0Cette classe est limit\u00e9e \u00e0 12 \u00e9l\u00e8ves.\",\"breadcrumb\":{\"@id\":\"https:\\\/\\\/prepasup-tahiti.com\\\/index.php\\\/nos-services\\\/preinscription-a-la-prepalas-du-grepfoc\\\/#breadcrumb\"},\"inLanguage\":\"fr-FR\",\"potentialAction\":[{\"@type\":\"ReadAction\",\"target\":[\"https:\\\/\\\/prepasup-tahiti.com\\\/index.php\\\/nos-services\\\/preinscription-a-la-prepalas-du-grepfoc\\\/\"]}]},{\"@type\":\"BreadcrumbList\",\"@id\":\"https:\\\/\\\/prepasup-tahiti.com\\\/index.php\\\/nos-services\\\/preinscription-a-la-prepalas-du-grepfoc\\\/#breadcrumb\",\"itemListElement\":[{\"@type\":\"ListItem\",\"position\":1,\"name\":\"Accueil\",\"item\":\"https:\\\/\\\/prepasup-tahiti.com\\\/\"},{\"@type\":\"ListItem\",\"position\":2,\"name\":\"Nos services\",\"item\":\"https:\\\/\\\/prepasup-tahiti.com\\\/index.php\\\/nos-services\\\/\"},{\"@type\":\"ListItem\",\"position\":3,\"name\":\"Pr\u00e9inscription \u00e0 la Pr\u00e9paLAS du Grepfoc\"}]},{\"@type\":\"WebSite\",\"@id\":\"https:\\\/\\\/prepasup-tahiti.com\\\/#website\",\"url\":\"https:\\\/\\\/prepasup-tahiti.com\\\/\",\"name\":\"PrepaSup Tahiti\",\"description\":\"Pr\u00e9parez vos \u00e9tudes de m\u00e9decine d\u00e9s la terminale!\",\"publisher\":{\"@id\":\"https:\\\/\\\/prepasup-tahiti.com\\\/#organization\"},\"potentialAction\":[{\"@type\":\"SearchAction\",\"target\":{\"@type\":\"EntryPoint\",\"urlTemplate\":\"https:\\\/\\\/prepasup-tahiti.com\\\/?s={search_term_string}\"},\"query-input\":{\"@type\":\"PropertyValueSpecification\",\"valueRequired\":true,\"valueName\":\"search_term_string\"}}],\"inLanguage\":\"fr-FR\"},{\"@type\":\"Organization\",\"@id\":\"https:\\\/\\\/prepasup-tahiti.com\\\/#organization\",\"name\":\"PREPASUP TAHITI\",\"url\":\"https:\\\/\\\/prepasup-tahiti.com\\\/\",\"logo\":{\"@type\":\"ImageObject\",\"inLanguage\":\"fr-FR\",\"@id\":\"https:\\\/\\\/prepasup-tahiti.com\\\/#\\\/schema\\\/logo\\\/image\\\/\",\"url\":\"https:\\\/\\\/i0.wp.com\\\/prepasup-tahiti.com\\\/wp-content\\\/uploads\\\/2024\\\/05\\\/cropped-cropped-Logo-PREPASUP.png?fit=512%2C487&ssl=1\",\"contentUrl\":\"https:\\\/\\\/i0.wp.com\\\/prepasup-tahiti.com\\\/wp-content\\\/uploads\\\/2024\\\/05\\\/cropped-cropped-Logo-PREPASUP.png?fit=512%2C487&ssl=1\",\"width\":512,\"height\":487,\"caption\":\"PREPASUP TAHITI\"},\"image\":{\"@id\":\"https:\\\/\\\/prepasup-tahiti.com\\\/#\\\/schema\\\/logo\\\/image\\\/\"},\"sameAs\":[\"https:\\\/\\\/www.facebook.com\\\/PrepaSupTahiti\"]}]}<\/script>\n<!-- \/ Yoast SEO plugin. -->","yoast_head_json":{"title":"Pr\u00e9inscription \u00e0 la Pr\u00e9paLAS du Grepfoc - PrepaSup Tahiti","description":"Utilisez ce formulaire pour r\u00e9server votre place \u00e0 la classe de soutien LAS1 du Grepfoc.\u00a0Cette classe est limit\u00e9e \u00e0 12 \u00e9l\u00e8ves.","robots":{"index":"index","follow":"follow","max-snippet":"max-snippet:-1","max-image-preview":"max-image-preview:large","max-video-preview":"max-video-preview:-1"},"canonical":"https:\/\/prepasup-tahiti.com\/index.php\/nos-services\/preinscription-a-la-prepalas-du-grepfoc\/","og_locale":"fr_FR","og_type":"article","og_title":"Pr\u00e9inscription \u00e0 la Pr\u00e9paLAS du Grepfoc - PrepaSup Tahiti","og_description":"Utilisez ce formulaire pour r\u00e9server votre place \u00e0 la classe de soutien LAS1 du Grepfoc.\u00a0Cette classe est limit\u00e9e \u00e0 12 \u00e9l\u00e8ves.","og_url":"https:\/\/prepasup-tahiti.com\/index.php\/nos-services\/preinscription-a-la-prepalas-du-grepfoc\/","og_site_name":"PrepaSup Tahiti","article_publisher":"https:\/\/www.facebook.com\/PrepaSupTahiti","article_modified_time":"2025-05-16T02:13:33+00:00","twitter_card":"summary_large_image","twitter_misc":{"Dur\u00e9e de lecture estim\u00e9e":"1 minute"},"schema":{"@context":"https:\/\/schema.org","@graph":[{"@type":"WebPage","@id":"https:\/\/prepasup-tahiti.com\/index.php\/nos-services\/preinscription-a-la-prepalas-du-grepfoc\/","url":"https:\/\/prepasup-tahiti.com\/index.php\/nos-services\/preinscription-a-la-prepalas-du-grepfoc\/","name":"Pr\u00e9inscription \u00e0 la Pr\u00e9paLAS du Grepfoc - PrepaSup Tahiti","isPartOf":{"@id":"https:\/\/prepasup-tahiti.com\/#website"},"datePublished":"2025-05-05T08:07:37+00:00","dateModified":"2025-05-16T02:13:33+00:00","description":"Utilisez ce formulaire pour r\u00e9server votre place \u00e0 la classe de soutien LAS1 du Grepfoc.\u00a0Cette classe est limit\u00e9e \u00e0 12 \u00e9l\u00e8ves.","breadcrumb":{"@id":"https:\/\/prepasup-tahiti.com\/index.php\/nos-services\/preinscription-a-la-prepalas-du-grepfoc\/#breadcrumb"},"inLanguage":"fr-FR","potentialAction":[{"@type":"ReadAction","target":["https:\/\/prepasup-tahiti.com\/index.php\/nos-services\/preinscription-a-la-prepalas-du-grepfoc\/"]}]},{"@type":"BreadcrumbList","@id":"https:\/\/prepasup-tahiti.com\/index.php\/nos-services\/preinscription-a-la-prepalas-du-grepfoc\/#breadcrumb","itemListElement":[{"@type":"ListItem","position":1,"name":"Accueil","item":"https:\/\/prepasup-tahiti.com\/"},{"@type":"ListItem","position":2,"name":"Nos services","item":"https:\/\/prepasup-tahiti.com\/index.php\/nos-services\/"},{"@type":"ListItem","position":3,"name":"Pr\u00e9inscription \u00e0 la Pr\u00e9paLAS du Grepfoc"}]},{"@type":"WebSite","@id":"https:\/\/prepasup-tahiti.com\/#website","url":"https:\/\/prepasup-tahiti.com\/","name":"PrepaSup Tahiti","description":"Pr\u00e9parez vos \u00e9tudes de m\u00e9decine d\u00e9s la terminale!","publisher":{"@id":"https:\/\/prepasup-tahiti.com\/#organization"},"potentialAction":[{"@type":"SearchAction","target":{"@type":"EntryPoint","urlTemplate":"https:\/\/prepasup-tahiti.com\/?s={search_term_string}"},"query-input":{"@type":"PropertyValueSpecification","valueRequired":true,"valueName":"search_term_string"}}],"inLanguage":"fr-FR"},{"@type":"Organization","@id":"https:\/\/prepasup-tahiti.com\/#organization","name":"PREPASUP TAHITI","url":"https:\/\/prepasup-tahiti.com\/","logo":{"@type":"ImageObject","inLanguage":"fr-FR","@id":"https:\/\/prepasup-tahiti.com\/#\/schema\/logo\/image\/","url":"https:\/\/i0.wp.com\/prepasup-tahiti.com\/wp-content\/uploads\/2024\/05\/cropped-cropped-Logo-PREPASUP.png?fit=512%2C487&ssl=1","contentUrl":"https:\/\/i0.wp.com\/prepasup-tahiti.com\/wp-content\/uploads\/2024\/05\/cropped-cropped-Logo-PREPASUP.png?fit=512%2C487&ssl=1","width":512,"height":487,"caption":"PREPASUP TAHITI"},"image":{"@id":"https:\/\/prepasup-tahiti.com\/#\/schema\/logo\/image\/"},"sameAs":["https:\/\/www.facebook.com\/PrepaSupTahiti"]}]}},"jetpack_sharing_enabled":true,"jetpack-related-posts":[],"_links":{"self":[{"href":"https:\/\/prepasup-tahiti.com\/index.php\/wp-json\/wp\/v2\/pages\/254","targetHints":{"allow":["GET"]}}],"collection":[{"href":"https:\/\/prepasup-tahiti.com\/index.php\/wp-json\/wp\/v2\/pages"}],"about":[{"href":"https:\/\/prepasup-tahiti.com\/index.php\/wp-json\/wp\/v2\/types\/page"}],"author":[{"embeddable":true,"href":"https:\/\/prepasup-tahiti.com\/index.php\/wp-json\/wp\/v2\/users\/1"}],"replies":[{"embeddable":true,"href":"https:\/\/prepasup-tahiti.com\/index.php\/wp-json\/wp\/v2\/comments?post=254"}],"version-history":[{"count":3,"href":"https:\/\/prepasup-tahiti.com\/index.php\/wp-json\/wp\/v2\/pages\/254\/revisions"}],"predecessor-version":[{"id":264,"href":"https:\/\/prepasup-tahiti.com\/index.php\/wp-json\/wp\/v2\/pages\/254\/revisions\/264"}],"up":[{"embeddable":true,"href":"https:\/\/prepasup-tahiti.com\/index.php\/wp-json\/wp\/v2\/pages\/13"}],"wp:attachment":[{"href":"https:\/\/prepasup-tahiti.com\/index.php\/wp-json\/wp\/v2\/media?parent=254"}],"curies":[{"name":"wp","href":"https:\/\/api.w.org\/{rel}","templated":true}]}}