{"id":261,"date":"2025-05-16T04:05:45","date_gmt":"2025-05-16T02:05:45","guid":{"rendered":"https:\/\/prepasup-tahiti.com\/?page_id=261"},"modified":"2025-05-16T04:21:14","modified_gmt":"2025-05-16T02:21:14","slug":"pre-inscription-classe-de-1ere-soutien","status":"publish","type":"page","link":"https:\/\/prepasup-tahiti.com\/index.php\/nos-services\/pre-inscription-classe-de-1ere-soutien\/","title":{"rendered":"Pr\u00e9-inscription classe de 1\u00e8re Soutien"},"content":{"rendered":"<p>Utilise ce formulaire pour r\u00e9server ta place dans la classe <strong data-start=\"212\" data-end=\"228\">Soutien 1\u00e8re<\/strong>, qui d\u00e9butera juste apr\u00e8s le 1er trimestre de l\u2019ann\u00e9e scolaire prochaine.<\/p>\n<p>Cette pr\u00e9-inscription est <strong data-start=\"331\" data-end=\"362\">gratuite et sans engagement<\/strong> : elle te permet simplement d\u2019\u00eatre contact\u00e9(e) en priorit\u00e9 lorsque les inscriptions d\u00e9finitives ouvriront.<\/p>\n\n<div class=\"wpcf7 no-js\" id=\"wpcf7-f260-o1\" lang=\"fr-FR\" dir=\"ltr\" data-wpcf7-id=\"260\">\n<div class=\"screen-reader-response\"><p role=\"status\" aria-live=\"polite\" aria-atomic=\"true\"><\/p> <ul><\/ul><\/div>\n<form action=\"\/index.php\/wp-json\/wp\/v2\/pages\/261#wpcf7-f260-o1\" method=\"post\" class=\"wpcf7-form init\" aria-label=\"Formulaire de contact\" novalidate=\"novalidate\" data-status=\"init\">\n<fieldset class=\"hidden-fields-container\"><input type=\"hidden\" name=\"_wpcf7\" value=\"260\" \/><input type=\"hidden\" name=\"_wpcf7_version\" value=\"6.1.5\" \/><input type=\"hidden\" name=\"_wpcf7_locale\" value=\"fr_FR\" \/><input type=\"hidden\" name=\"_wpcf7_unit_tag\" value=\"wpcf7-f260-o1\" \/><input type=\"hidden\" name=\"_wpcf7_container_post\" value=\"0\" \/><input type=\"hidden\" name=\"_wpcf7_posted_data_hash\" value=\"\" \/>\n<\/fieldset>\n<p><label> Ton NOM et pr\u00e9nom<br \/>\n<span class=\"wpcf7-form-control-wrap\" data-name=\"your-name\"><input size=\"40\" maxlength=\"400\" class=\"wpcf7-form-control wpcf7-text wpcf7-validates-as-required\" autocomplete=\"name\" aria-required=\"true\" aria-invalid=\"false\" value=\"\" type=\"text\" name=\"your-name\" \/><\/span> <\/label>\n<\/p>\n<p><label> Ton e-mail<br \/>\n<span class=\"wpcf7-form-control-wrap\" data-name=\"your-email\"><input size=\"40\" maxlength=\"400\" class=\"wpcf7-form-control wpcf7-email wpcf7-validates-as-required wpcf7-text wpcf7-validates-as-email\" autocomplete=\"email\" aria-required=\"true\" aria-invalid=\"false\" value=\"\" type=\"email\" name=\"your-email\" \/><\/span> <\/label>\n<\/p>\n<p><label> Ton num\u00e9ro de t\u00e9l\u00e9phone<br \/>\n<span class=\"wpcf7-form-control-wrap\" data-name=\"tel-420\"><input size=\"40\" maxlength=\"400\" minlength=\"8\" class=\"wpcf7-form-control wpcf7-tel wpcf7-text wpcf7-validates-as-tel\" aria-invalid=\"false\" value=\"\" type=\"tel\" name=\"tel-420\" \/><\/span><\/label>\n<\/p>\n<p>Ton lyc\u00e9e<br \/>\n<span class=\"wpcf7-form-control-wrap\" data-name=\"checkbox-771\"><span class=\"wpcf7-form-control wpcf7-checkbox\"><span class=\"wpcf7-list-item first\"><label><input type=\"checkbox\" name=\"checkbox-771[]\" value=\"La Mennais\" \/><span class=\"wpcf7-list-item-label\">La Mennais<\/span><\/label><\/span><span class=\"wpcf7-list-item\"><label><input type=\"checkbox\" name=\"checkbox-771[]\" value=\"Gauguin\" \/><span class=\"wpcf7-list-item-label\">Gauguin<\/span><\/label><\/span><span class=\"wpcf7-list-item\"><label><input type=\"checkbox\" name=\"checkbox-771[]\" value=\"Raapoto\" \/><span class=\"wpcf7-list-item-label\">Raapoto<\/span><\/label><\/span><span class=\"wpcf7-list-item last\"><label><input type=\"checkbox\" name=\"checkbox-771[]\" value=\"Autre\" \/><span class=\"wpcf7-list-item-label\">Autre<\/span><\/label><\/span><\/span><\/span>\n<\/p>\n<p>Tes sp\u00e9cialit\u00e9s<br \/>\n<span class=\"wpcf7-form-control-wrap\" data-name=\"checkbox-231\"><span class=\"wpcf7-form-control wpcf7-checkbox\"><span class=\"wpcf7-list-item first\"><label><input type=\"checkbox\" name=\"checkbox-231[]\" value=\"Math\u00e9matiques\" \/><span class=\"wpcf7-list-item-label\">Math\u00e9matiques<\/span><\/label><\/span><span class=\"wpcf7-list-item\"><label><input type=\"checkbox\" name=\"checkbox-231[]\" value=\"Physique-chimie\" \/><span class=\"wpcf7-list-item-label\">Physique-chimie<\/span><\/label><\/span><span class=\"wpcf7-list-item\"><label><input type=\"checkbox\" name=\"checkbox-231[]\" value=\"Sciences de la Vie de la Terre (SVT)\" \/><span class=\"wpcf7-list-item-label\">Sciences de la Vie de la Terre (SVT)<\/span><\/label><\/span><span class=\"wpcf7-list-item\"><label><input type=\"checkbox\" name=\"checkbox-231[]\" value=\"Science de l&#039;ing\u00e9nieur (SI)\" \/><span class=\"wpcf7-list-item-label\">Science de l&#039;ing\u00e9nieur (SI)<\/span><\/label><\/span><span class=\"wpcf7-list-item\"><label><input type=\"checkbox\" name=\"checkbox-231[]\" value=\"Num\u00e9rique et Science Informatique (NSI)\" \/><span class=\"wpcf7-list-item-label\">Num\u00e9rique et Science Informatique (NSI)<\/span><\/label><\/span><span class=\"wpcf7-list-item\"><label><input type=\"checkbox\" name=\"checkbox-231[]\" value=\"Sciences Economiques et Sociales (SES)\" \/><span class=\"wpcf7-list-item-label\">Sciences Economiques et Sociales (SES)<\/span><\/label><\/span><span class=\"wpcf7-list-item last\"><label><input type=\"checkbox\" name=\"checkbox-231[]\" value=\"Autres\" \/><span class=\"wpcf7-list-item-label\">Autres<\/span><\/label><\/span><\/span><\/span>\n<\/p>\n<p>Quelles sont les \u00e9tudes sup\u00e9rieures que tu comptes suivre?<br \/>\n<span class=\"wpcf7-form-control-wrap\" data-name=\"checkbox-344\"><span class=\"wpcf7-form-control wpcf7-checkbox\"><span class=\"wpcf7-list-item first\"><label><input type=\"checkbox\" name=\"checkbox-344[]\" value=\"Ing\u00e9nieur\" \/><span class=\"wpcf7-list-item-label\">Ing\u00e9nieur<\/span><\/label><\/span><span class=\"wpcf7-list-item\"><label><input type=\"checkbox\" name=\"checkbox-344[]\" value=\"M\u00e9decine\" \/><span class=\"wpcf7-list-item-label\">M\u00e9decine<\/span><\/label><\/span><span class=\"wpcf7-list-item\"><label><input type=\"checkbox\" name=\"checkbox-344[]\" value=\"Commerce\" \/><span class=\"wpcf7-list-item-label\">Commerce<\/span><\/label><\/span><span class=\"wpcf7-list-item\"><label><input type=\"checkbox\" name=\"checkbox-344[]\" value=\"Autre\" \/><span class=\"wpcf7-list-item-label\">Autre<\/span><\/label><\/span><span class=\"wpcf7-list-item last\"><label><input type=\"checkbox\" name=\"checkbox-344[]\" value=\"Je ne sais pas encore\" \/><span class=\"wpcf7-list-item-label\">Je ne sais pas encore<\/span><\/label><\/span><\/span><\/span>\n<\/p>\n<p><label> Autre Commentaire (falcultatif) :<br \/>\n<span class=\"wpcf7-form-control-wrap\" data-name=\"textarea-941\"><textarea cols=\"40\" rows=\"10\" maxlength=\"2000\" class=\"wpcf7-form-control wpcf7-textarea\" aria-invalid=\"false\" name=\"textarea-941\"><\/textarea><\/span><\/label>\n<\/p>\n<p><input class=\"wpcf7-form-control wpcf7-submit has-spinner\" type=\"submit\" value=\"Envoyer\" \/>\n<\/p><p style=\"display: none !important;\" class=\"akismet-fields-container\" data-prefix=\"_wpcf7_ak_\"><label>&#916;<textarea name=\"_wpcf7_ak_hp_textarea\" cols=\"45\" rows=\"8\" maxlength=\"100\"><\/textarea><\/label><input type=\"hidden\" id=\"ak_js_1\" name=\"_wpcf7_ak_js\" value=\"63\"\/><script>document.getElementById( \"ak_js_1\" ).setAttribute( \"value\", ( new Date() ).getTime() );<\/script><\/p><div class=\"wpcf7-response-output\" aria-hidden=\"true\"><\/div>\n<\/form>\n<\/div>\n\n","protected":false},"excerpt":{"rendered":"<p>Utilise ce formulaire pour r\u00e9server ta place dans la classe Soutien 1\u00e8re, qui d\u00e9butera juste apr\u00e8s le 1er trimestre de l\u2019ann\u00e9e scolaire prochaine. Cette pr\u00e9-inscription est gratuite et sans engagement : elle te permet simplement d\u2019\u00eatre contact\u00e9(e) en priorit\u00e9 lorsque les inscriptions d\u00e9finitives ouvriront.<\/p>\n","protected":false},"author":1,"featured_media":0,"parent":13,"menu_order":0,"comment_status":"closed","ping_status":"closed","template":"","meta":{"_exactmetrics_skip_tracking":false,"_exactmetrics_sitenote_active":false,"_exactmetrics_sitenote_note":"","_exactmetrics_sitenote_category":0,"footnotes":""},"class_list":["post-261","page","type-page","status-publish","hentry"],"aioseo_notices":[],"yoast_head":"<!-- This site is optimized with the Yoast SEO plugin v27.4 - https:\/\/yoast.com\/product\/yoast-seo-wordpress\/ -->\n<title>Pr\u00e9-inscription classe de 1\u00e8re Soutien - PrepaSup Tahiti<\/title>\n<meta name=\"description\" content=\"Utilise ce formulaire pour r\u00e9server ta place dans la classe Soutien 1\u00e8re, qui d\u00e9butera juste apr\u00e8s le 1er trimestre de l\u2019ann\u00e9e scolaire prochaine.\" \/>\n<meta name=\"robots\" content=\"index, follow, max-snippet:-1, max-image-preview:large, max-video-preview:-1\" \/>\n<link rel=\"canonical\" href=\"https:\/\/prepasup-tahiti.com\/index.php\/nos-services\/pre-inscription-classe-de-1ere-soutien\/\" \/>\n<meta property=\"og:locale\" content=\"fr_FR\" \/>\n<meta property=\"og:type\" content=\"article\" \/>\n<meta property=\"og:title\" content=\"Pr\u00e9-inscription classe de 1\u00e8re Soutien - PrepaSup Tahiti\" \/>\n<meta property=\"og:description\" content=\"Utilise ce formulaire pour r\u00e9server ta place dans la classe Soutien 1\u00e8re, qui d\u00e9butera juste apr\u00e8s le 1er trimestre de l\u2019ann\u00e9e scolaire prochaine.\" \/>\n<meta property=\"og:url\" content=\"https:\/\/prepasup-tahiti.com\/index.php\/nos-services\/pre-inscription-classe-de-1ere-soutien\/\" \/>\n<meta property=\"og:site_name\" content=\"PrepaSup Tahiti\" \/>\n<meta property=\"article:publisher\" content=\"https:\/\/www.facebook.com\/PrepaSupTahiti\" \/>\n<meta property=\"article:modified_time\" content=\"2025-05-16T02:21:14+00:00\" \/>\n<meta name=\"twitter:card\" content=\"summary_large_image\" \/>\n<meta name=\"twitter:label1\" content=\"Dur\u00e9e de lecture estim\u00e9e\" \/>\n\t<meta name=\"twitter:data1\" content=\"1 minute\" \/>\n<script type=\"application\/ld+json\" class=\"yoast-schema-graph\">{\"@context\":\"https:\\\/\\\/schema.org\",\"@graph\":[{\"@type\":\"WebPage\",\"@id\":\"https:\\\/\\\/prepasup-tahiti.com\\\/index.php\\\/nos-services\\\/pre-inscription-classe-de-1ere-soutien\\\/\",\"url\":\"https:\\\/\\\/prepasup-tahiti.com\\\/index.php\\\/nos-services\\\/pre-inscription-classe-de-1ere-soutien\\\/\",\"name\":\"Pr\u00e9-inscription classe de 1\u00e8re Soutien - PrepaSup Tahiti\",\"isPartOf\":{\"@id\":\"https:\\\/\\\/prepasup-tahiti.com\\\/#website\"},\"datePublished\":\"2025-05-16T02:05:45+00:00\",\"dateModified\":\"2025-05-16T02:21:14+00:00\",\"description\":\"Utilise ce formulaire pour r\u00e9server ta place dans la classe Soutien 1\u00e8re, qui d\u00e9butera juste apr\u00e8s le 1er trimestre de l\u2019ann\u00e9e scolaire prochaine.\",\"breadcrumb\":{\"@id\":\"https:\\\/\\\/prepasup-tahiti.com\\\/index.php\\\/nos-services\\\/pre-inscription-classe-de-1ere-soutien\\\/#breadcrumb\"},\"inLanguage\":\"fr-FR\",\"potentialAction\":[{\"@type\":\"ReadAction\",\"target\":[\"https:\\\/\\\/prepasup-tahiti.com\\\/index.php\\\/nos-services\\\/pre-inscription-classe-de-1ere-soutien\\\/\"]}]},{\"@type\":\"BreadcrumbList\",\"@id\":\"https:\\\/\\\/prepasup-tahiti.com\\\/index.php\\\/nos-services\\\/pre-inscription-classe-de-1ere-soutien\\\/#breadcrumb\",\"itemListElement\":[{\"@type\":\"ListItem\",\"position\":1,\"name\":\"Accueil\",\"item\":\"https:\\\/\\\/prepasup-tahiti.com\\\/\"},{\"@type\":\"ListItem\",\"position\":2,\"name\":\"Nos services\",\"item\":\"https:\\\/\\\/prepasup-tahiti.com\\\/index.php\\\/nos-services\\\/\"},{\"@type\":\"ListItem\",\"position\":3,\"name\":\"Pr\u00e9-inscription classe de 1\u00e8re Soutien\"}]},{\"@type\":\"WebSite\",\"@id\":\"https:\\\/\\\/prepasup-tahiti.com\\\/#website\",\"url\":\"https:\\\/\\\/prepasup-tahiti.com\\\/\",\"name\":\"PrepaSup Tahiti\",\"description\":\"Pr\u00e9parez vos \u00e9tudes de m\u00e9decine d\u00e9s la terminale!\",\"publisher\":{\"@id\":\"https:\\\/\\\/prepasup-tahiti.com\\\/#organization\"},\"potentialAction\":[{\"@type\":\"SearchAction\",\"target\":{\"@type\":\"EntryPoint\",\"urlTemplate\":\"https:\\\/\\\/prepasup-tahiti.com\\\/?s={search_term_string}\"},\"query-input\":{\"@type\":\"PropertyValueSpecification\",\"valueRequired\":true,\"valueName\":\"search_term_string\"}}],\"inLanguage\":\"fr-FR\"},{\"@type\":\"Organization\",\"@id\":\"https:\\\/\\\/prepasup-tahiti.com\\\/#organization\",\"name\":\"PREPASUP TAHITI\",\"url\":\"https:\\\/\\\/prepasup-tahiti.com\\\/\",\"logo\":{\"@type\":\"ImageObject\",\"inLanguage\":\"fr-FR\",\"@id\":\"https:\\\/\\\/prepasup-tahiti.com\\\/#\\\/schema\\\/logo\\\/image\\\/\",\"url\":\"https:\\\/\\\/i0.wp.com\\\/prepasup-tahiti.com\\\/wp-content\\\/uploads\\\/2024\\\/05\\\/cropped-cropped-Logo-PREPASUP.png?fit=512%2C487&ssl=1\",\"contentUrl\":\"https:\\\/\\\/i0.wp.com\\\/prepasup-tahiti.com\\\/wp-content\\\/uploads\\\/2024\\\/05\\\/cropped-cropped-Logo-PREPASUP.png?fit=512%2C487&ssl=1\",\"width\":512,\"height\":487,\"caption\":\"PREPASUP TAHITI\"},\"image\":{\"@id\":\"https:\\\/\\\/prepasup-tahiti.com\\\/#\\\/schema\\\/logo\\\/image\\\/\"},\"sameAs\":[\"https:\\\/\\\/www.facebook.com\\\/PrepaSupTahiti\"]}]}<\/script>\n<!-- \/ Yoast SEO plugin. -->","yoast_head_json":{"title":"Pr\u00e9-inscription classe de 1\u00e8re Soutien - PrepaSup Tahiti","description":"Utilise ce formulaire pour r\u00e9server ta place dans la classe Soutien 1\u00e8re, qui d\u00e9butera juste apr\u00e8s le 1er trimestre de l\u2019ann\u00e9e scolaire prochaine.","robots":{"index":"index","follow":"follow","max-snippet":"max-snippet:-1","max-image-preview":"max-image-preview:large","max-video-preview":"max-video-preview:-1"},"canonical":"https:\/\/prepasup-tahiti.com\/index.php\/nos-services\/pre-inscription-classe-de-1ere-soutien\/","og_locale":"fr_FR","og_type":"article","og_title":"Pr\u00e9-inscription classe de 1\u00e8re Soutien - PrepaSup Tahiti","og_description":"Utilise ce formulaire pour r\u00e9server ta place dans la classe Soutien 1\u00e8re, qui d\u00e9butera juste apr\u00e8s le 1er trimestre de l\u2019ann\u00e9e scolaire prochaine.","og_url":"https:\/\/prepasup-tahiti.com\/index.php\/nos-services\/pre-inscription-classe-de-1ere-soutien\/","og_site_name":"PrepaSup Tahiti","article_publisher":"https:\/\/www.facebook.com\/PrepaSupTahiti","article_modified_time":"2025-05-16T02:21:14+00:00","twitter_card":"summary_large_image","twitter_misc":{"Dur\u00e9e de lecture estim\u00e9e":"1 minute"},"schema":{"@context":"https:\/\/schema.org","@graph":[{"@type":"WebPage","@id":"https:\/\/prepasup-tahiti.com\/index.php\/nos-services\/pre-inscription-classe-de-1ere-soutien\/","url":"https:\/\/prepasup-tahiti.com\/index.php\/nos-services\/pre-inscription-classe-de-1ere-soutien\/","name":"Pr\u00e9-inscription classe de 1\u00e8re Soutien - PrepaSup Tahiti","isPartOf":{"@id":"https:\/\/prepasup-tahiti.com\/#website"},"datePublished":"2025-05-16T02:05:45+00:00","dateModified":"2025-05-16T02:21:14+00:00","description":"Utilise ce formulaire pour r\u00e9server ta place dans la classe Soutien 1\u00e8re, qui d\u00e9butera juste apr\u00e8s le 1er trimestre de l\u2019ann\u00e9e scolaire prochaine.","breadcrumb":{"@id":"https:\/\/prepasup-tahiti.com\/index.php\/nos-services\/pre-inscription-classe-de-1ere-soutien\/#breadcrumb"},"inLanguage":"fr-FR","potentialAction":[{"@type":"ReadAction","target":["https:\/\/prepasup-tahiti.com\/index.php\/nos-services\/pre-inscription-classe-de-1ere-soutien\/"]}]},{"@type":"BreadcrumbList","@id":"https:\/\/prepasup-tahiti.com\/index.php\/nos-services\/pre-inscription-classe-de-1ere-soutien\/#breadcrumb","itemListElement":[{"@type":"ListItem","position":1,"name":"Accueil","item":"https:\/\/prepasup-tahiti.com\/"},{"@type":"ListItem","position":2,"name":"Nos services","item":"https:\/\/prepasup-tahiti.com\/index.php\/nos-services\/"},{"@type":"ListItem","position":3,"name":"Pr\u00e9-inscription classe de 1\u00e8re Soutien"}]},{"@type":"WebSite","@id":"https:\/\/prepasup-tahiti.com\/#website","url":"https:\/\/prepasup-tahiti.com\/","name":"PrepaSup Tahiti","description":"Pr\u00e9parez vos \u00e9tudes de m\u00e9decine d\u00e9s la terminale!","publisher":{"@id":"https:\/\/prepasup-tahiti.com\/#organization"},"potentialAction":[{"@type":"SearchAction","target":{"@type":"EntryPoint","urlTemplate":"https:\/\/prepasup-tahiti.com\/?s={search_term_string}"},"query-input":{"@type":"PropertyValueSpecification","valueRequired":true,"valueName":"search_term_string"}}],"inLanguage":"fr-FR"},{"@type":"Organization","@id":"https:\/\/prepasup-tahiti.com\/#organization","name":"PREPASUP TAHITI","url":"https:\/\/prepasup-tahiti.com\/","logo":{"@type":"ImageObject","inLanguage":"fr-FR","@id":"https:\/\/prepasup-tahiti.com\/#\/schema\/logo\/image\/","url":"https:\/\/i0.wp.com\/prepasup-tahiti.com\/wp-content\/uploads\/2024\/05\/cropped-cropped-Logo-PREPASUP.png?fit=512%2C487&ssl=1","contentUrl":"https:\/\/i0.wp.com\/prepasup-tahiti.com\/wp-content\/uploads\/2024\/05\/cropped-cropped-Logo-PREPASUP.png?fit=512%2C487&ssl=1","width":512,"height":487,"caption":"PREPASUP TAHITI"},"image":{"@id":"https:\/\/prepasup-tahiti.com\/#\/schema\/logo\/image\/"},"sameAs":["https:\/\/www.facebook.com\/PrepaSupTahiti"]}]}},"jetpack_sharing_enabled":true,"jetpack-related-posts":[],"_links":{"self":[{"href":"https:\/\/prepasup-tahiti.com\/index.php\/wp-json\/wp\/v2\/pages\/261","targetHints":{"allow":["GET"]}}],"collection":[{"href":"https:\/\/prepasup-tahiti.com\/index.php\/wp-json\/wp\/v2\/pages"}],"about":[{"href":"https:\/\/prepasup-tahiti.com\/index.php\/wp-json\/wp\/v2\/types\/page"}],"author":[{"embeddable":true,"href":"https:\/\/prepasup-tahiti.com\/index.php\/wp-json\/wp\/v2\/users\/1"}],"replies":[{"embeddable":true,"href":"https:\/\/prepasup-tahiti.com\/index.php\/wp-json\/wp\/v2\/comments?post=261"}],"version-history":[{"count":2,"href":"https:\/\/prepasup-tahiti.com\/index.php\/wp-json\/wp\/v2\/pages\/261\/revisions"}],"predecessor-version":[{"id":267,"href":"https:\/\/prepasup-tahiti.com\/index.php\/wp-json\/wp\/v2\/pages\/261\/revisions\/267"}],"up":[{"embeddable":true,"href":"https:\/\/prepasup-tahiti.com\/index.php\/wp-json\/wp\/v2\/pages\/13"}],"wp:attachment":[{"href":"https:\/\/prepasup-tahiti.com\/index.php\/wp-json\/wp\/v2\/media?parent=261"}],"curies":[{"name":"wp","href":"https:\/\/api.w.org\/{rel}","templated":true}]}}